{"id":265,"date":"2021-10-01T12:04:31","date_gmt":"2021-10-01T12:04:31","guid":{"rendered":"http:\/\/www.rixinger.at\/?page_id=265"},"modified":"2022-04-29T20:29:54","modified_gmt":"2022-04-29T20:29:54","slug":"weingarten","status":"publish","type":"page","link":"https:\/\/www.rixinger.at\/?page_id=265","title":{"rendered":"Weingarten"},"content":{"rendered":"\n<div class=\"wp-block-cover alignfull\" style=\"min-height:650px;aspect-ratio:unset;\"><img loading=\"lazy\" decoding=\"async\" width=\"1900\" height=\"1067\" class=\"wp-block-cover__image-background wp-image-695\" alt=\"\" src=\"https:\/\/www.rixinger.at\/wp-content\/uploads\/2021\/10\/DJI_0043-Gross.jpg\" style=\"object-position:90% 64%\" data-object-fit=\"cover\" data-object-position=\"90% 64%\" srcset=\"https:\/\/www.rixinger.at\/wp-content\/uploads\/2021\/10\/DJI_0043-Gross.jpg 1900w, https:\/\/www.rixinger.at\/wp-content\/uploads\/2021\/10\/DJI_0043-Gross-300x168.jpg 300w, https:\/\/www.rixinger.at\/wp-content\/uploads\/2021\/10\/DJI_0043-Gross-1024x575.jpg 1024w, https:\/\/www.rixinger.at\/wp-content\/uploads\/2021\/10\/DJI_0043-Gross-768x431.jpg 768w, https:\/\/www.rixinger.at\/wp-content\/uploads\/2021\/10\/DJI_0043-Gross-1536x863.jpg 1536w\" sizes=\"auto, (max-width: 1900px) 100vw, 1900px\" \/><div class=\"wp-block-cover__inner-container is-layout-flow wp-block-cover-is-layout-flow\">\n<p><\/p>\n<\/div><\/div>\n\n\n\n<div style=\"height:80px\" aria-hidden=\"true\" class=\"wp-block-spacer\"><\/div>\n\n\n\n<h1 class=\"wp-block-heading\"><strong>Weingarten<\/strong><\/h1>\n\n\n\n<p>Wir bewirtschaften sechs Hektar Weing\u00e4rten, eine Gr\u00f6\u00dfe, die wir gerade noch selbst bew\u00e4ltigen k\u00f6nnen. Das hat vielerlei Vorteile. Der wichtigste davon ist, dass wir alle unserer Rebst\u00f6cke pers\u00f6nlich kennen: Wir wissen um ihr Alter und ihre individuellen St\u00e4rken und Schw\u00e4chen. So k\u00f6nnen wir entsprechend auf sie eingehen und die richtigen Entscheidungen zum richtigen Zeitpunkt treffen. Wir glauben daran, dass alte Rebst\u00f6cke letztlich komplexere Weine ergeben, weshalb wir versuchen, sie so lange wie m\u00f6glich zu erhalten. Reben in der Riede Singerriedel sind bis zu 50 Jahre alt, am Zornberg sind sie unwesentlich j\u00fcnger.<\/p>\n\n\n\n<p>Unser Bewirtschaftung ist naturnah und dort, wo wir es f\u00fcr sinnvoll erachten, entleihen wir Ma\u00dfnahmen aus dem biologischen Weinbau. Dazu geh\u00f6ren das Begr\u00fcnen der Weing\u00e4rten und der Einsatz nat\u00fcrlicher D\u00fcnger. Wir reagieren punktuell auf meteorologische Kapriolen und spritzen wenig. Da die ganze Wachau mit Pheromondispensern ausgestattet ist, k\u00f6nnen wir komplett auf Insektizide verzichten.<\/p>\n\n\n\n<p>Die Lese findet ausnahmslos per Hand und meist im Oktober statt, kann sich aber je nach Witterungsverlauf auch in den November hineinziehen.<\/p>\n\n\n\n<div style=\"height:80px\" aria-hidden=\"true\" class=\"wp-block-spacer\"><\/div>\n","protected":false},"excerpt":{"rendered":"<p>Weingarten Wir bewirtschaften sechs Hektar Weing\u00e4rten, eine Gr\u00f6\u00dfe, die wir gerade noch selbst bew\u00e4ltigen k\u00f6nnen. Das hat vielerlei Vorteile. Der wichtigste davon ist, dass wir alle unserer Rebst\u00f6cke pers\u00f6nlich kennen: Wir wissen um ihr Alter und ihre individuellen St\u00e4rken und Schw\u00e4chen. So k\u00f6nnen wir entsprechend auf sie eingehen und die richtigen Entscheidungen zum richtigen Zeitpunkt [&hellip;]<\/p>\n","protected":false},"author":1,"featured_media":0,"parent":65,"menu_order":0,"comment_status":"closed","ping_status":"closed","template":"","meta":{"_uag_custom_page_level_css":"","site-sidebar-layout":"default","site-content-layout":"default","ast-site-content-layout":"default","site-content-style":"default","site-sidebar-style":"default","ast-global-header-display":"","ast-banner-title-visibility":"","ast-main-header-display":"","ast-hfb-above-header-display":"","ast-hfb-below-header-display":"","ast-hfb-mobile-header-display":"","site-post-title":"disabled","ast-breadcrumbs-content":"","ast-featured-img":"","footer-sml-layout":"","ast-disable-related-posts":"","theme-transparent-header-meta":"default","adv-header-id-meta":"","stick-header-meta":"","header-above-stick-meta":"","header-main-stick-meta":"","header-below-stick-meta":"","astra-migrate-meta-layouts":"default","ast-page-background-enabled":"default","ast-page-background-meta":{"desktop":{"background-color":"var(--ast-global-color-4)","background-image":"","background-repeat":"repeat","background-position":"center center","background-size":"auto","background-attachment":"scroll","background-type":"","background-media":"","overlay-type":"","overlay-color":"","overlay-opacity":"","overlay-gradient":""},"tablet":{"background-color":"","background-image":"","background-repeat":"repeat","background-position":"center center","background-size":"auto","background-attachment":"scroll","background-type":"","background-media":"","overlay-type":"","overlay-color":"","overlay-opacity":"","overlay-gradient":""},"mobile":{"background-color":"","background-image":"","background-repeat":"repeat","background-position":"center center","background-size":"auto","background-attachment":"scroll","background-type":"","background-media":"","overlay-type":"","overlay-color":"","overlay-opacity":"","overlay-gradient":""}},"ast-content-background-meta":{"desktop":{"background-color":"var(--ast-global-color-5)","background-image":"","background-repeat":"repeat","background-position":"center center","background-size":"auto","background-attachment":"scroll","background-type":"","background-media":"","overlay-type":"","overlay-color":"","overlay-opacity":"","overlay-gradient":""},"tablet":{"background-color":"var(--ast-global-color-5)","background-image":"","background-repeat":"repeat","background-position":"center center","background-size":"auto","background-attachment":"scroll","background-type":"","background-media":"","overlay-type":"","overlay-color":"","overlay-opacity":"","overlay-gradient":""},"mobile":{"background-color":"var(--ast-global-color-5)","background-image":"","background-repeat":"repeat","background-position":"center center","background-size":"auto","background-attachment":"scroll","background-type":"","background-media":"","overlay-type":"","overlay-color":"","overlay-opacity":"","overlay-gradient":""}},"footnotes":""},"class_list":["post-265","page","type-page","status-publish","hentry"],"uagb_featured_image_src":{"full":false,"thumbnail":false,"medium":false,"medium_large":false,"large":false,"gs-tiny":false,"xl":false,"xxl":false,"xxxl":false,"xxxxl":false,"xxxxxl":false,"1536x1536":false,"2048x2048":false,"ultp_layout_landscape_large":false,"ultp_layout_landscape":false,"ultp_layout_portrait":false,"ultp_layout_square":false,"woocommerce_thumbnail":false,"woocommerce_single":false,"woocommerce_gallery_thumbnail":false},"uagb_author_info":{"display_name":"krems_o3222nsc","author_link":"https:\/\/www.rixinger.at\/?author=1"},"uagb_comment_info":0,"uagb_excerpt":"Weingarten Wir bewirtschaften sechs Hektar Weing\u00e4rten, eine Gr\u00f6\u00dfe, die wir gerade noch selbst bew\u00e4ltigen k\u00f6nnen. Das hat vielerlei Vorteile. Der wichtigste davon ist, dass wir alle unserer Rebst\u00f6cke pers\u00f6nlich kennen: Wir wissen um ihr Alter und ihre individuellen St\u00e4rken und Schw\u00e4chen. So k\u00f6nnen wir entsprechend auf sie eingehen und die richtigen Entscheidungen zum richtigen Zeitpunkt&hellip;","_links":{"self":[{"href":"https:\/\/www.rixinger.at\/index.php?rest_route=\/wp\/v2\/pages\/265","targetHints":{"allow":["GET"]}}],"collection":[{"href":"https:\/\/www.rixinger.at\/index.php?rest_route=\/wp\/v2\/pages"}],"about":[{"href":"https:\/\/www.rixinger.at\/index.php?rest_route=\/wp\/v2\/types\/page"}],"author":[{"embeddable":true,"href":"https:\/\/www.rixinger.at\/index.php?rest_route=\/wp\/v2\/users\/1"}],"replies":[{"embeddable":true,"href":"https:\/\/www.rixinger.at\/index.php?rest_route=%2Fwp%2Fv2%2Fcomments&post=265"}],"version-history":[{"count":5,"href":"https:\/\/www.rixinger.at\/index.php?rest_route=\/wp\/v2\/pages\/265\/revisions"}],"predecessor-version":[{"id":1381,"href":"https:\/\/www.rixinger.at\/index.php?rest_route=\/wp\/v2\/pages\/265\/revisions\/1381"}],"up":[{"embeddable":true,"href":"https:\/\/www.rixinger.at\/index.php?rest_route=\/wp\/v2\/pages\/65"}],"wp:attachment":[{"href":"https:\/\/www.rixinger.at\/index.php?rest_route=%2Fwp%2Fv2%2Fmedia&parent=265"}],"curies":[{"name":"wp","href":"https:\/\/api.w.org\/{rel}","templated":true}]}}