{"id":268,"date":"2021-10-01T12:04:31","date_gmt":"2021-10-01T12:04:31","guid":{"rendered":"http:\/\/www.rixinger.at\/?page_id=268"},"modified":"2022-04-28T21:14:55","modified_gmt":"2022-04-28T21:14:55","slug":"nachhaltigkeit","status":"publish","type":"page","link":"https:\/\/www.rixinger.at\/?page_id=268","title":{"rendered":"Nachhaltigkeit"},"content":{"rendered":"\n<div class=\"wp-block-cover alignfull\" style=\"min-height:667px;aspect-ratio:unset;\"><img loading=\"lazy\" decoding=\"async\" width=\"1900\" height=\"1425\" class=\"wp-block-cover__image-background wp-image-1132\" alt=\"\" src=\"https:\/\/www.rixinger.at\/wp-content\/uploads\/2022\/02\/IMG_4706.jpg\" style=\"object-position:85% 45%\" data-object-fit=\"cover\" data-object-position=\"85% 45%\" srcset=\"https:\/\/www.rixinger.at\/wp-content\/uploads\/2022\/02\/IMG_4706.jpg 1900w, https:\/\/www.rixinger.at\/wp-content\/uploads\/2022\/02\/IMG_4706-300x225.jpg 300w, https:\/\/www.rixinger.at\/wp-content\/uploads\/2022\/02\/IMG_4706-1024x768.jpg 1024w, https:\/\/www.rixinger.at\/wp-content\/uploads\/2022\/02\/IMG_4706-768x576.jpg 768w, https:\/\/www.rixinger.at\/wp-content\/uploads\/2022\/02\/IMG_4706-1600x1200.jpg 1600w, https:\/\/www.rixinger.at\/wp-content\/uploads\/2022\/02\/IMG_4706-1536x1152.jpg 1536w, https:\/\/www.rixinger.at\/wp-content\/uploads\/2022\/02\/IMG_4706-600x450.jpg 600w\" sizes=\"auto, (max-width: 1900px) 100vw, 1900px\" \/><div class=\"wp-block-cover__inner-container is-layout-flow wp-block-cover-is-layout-flow\">\n<p><\/p>\n<\/div><\/div>\n\n\n\n<div style=\"height:80px\" aria-hidden=\"true\" class=\"wp-block-spacer\"><\/div>\n\n\n\n<h1 class=\"wp-block-heading\"><strong>Nachhaltigkeit<\/strong><\/h1>\n\n\n\n<p>Nachhaltigkeit mag zwar ein inflation\u00e4r verwendeter Begriff sein, was aber nicht hei\u00dft, dass er nicht wichtig ist. Nachhaltigkeit beginnt bei uns naturgem\u00e4\u00df im Weingarten. Wir begr\u00fcnen jede Parzelle, bringen tonnenweise Kompost aus und f\u00f6rdern einen nat\u00fcrlichen Humusaufbau. Wir streuen Kakaoschalen aus, die den Boden in Trockenzeiten l\u00e4nger feucht halten und zudem das Wachsen von Beikr\u00e4utern unterdr\u00fccken. Wir gehen sorgsam mit den verf\u00fcgbaren Wassermengen um, reduzieren dank zusammengelegter Spritzungen die Traktordurchfahrten im Weingarten und erledigen die meisten Arbeiten per Hand und minimieren so unsere CO2 Bilanz. Durch den Erhalt der Steinterrassen f\u00f6rdern wir zudem die Artenvielfalt in den Mauern, in denen unterschiedlichste Insekten, Reptilien und Pflanzen ihr Habitat gefunden haben.<\/p>\n\n\n\n<p>Durch den Erhalt der Steinterrassen f\u00f6rdern wir zudem die Artenvielfalt in den Mauern, in denen unterschiedlichste Insekten, Reptilien und Pflanzen ihr Habitat gefunden haben.<\/p>\n\n\n\n<p>Hand in Hand mit der \u00f6kologischen gehen die \u00f6konomischen und sozialen Aspekte der Nachhaltigkeit. Langfristiger wirtschaftlicher Erfolg in einem regionalen und umweltbewussten Kontext bringt uns und unserer Umgebung nur Vorteile und tr\u00e4gt indirekt auch zum Erhalt des Weltkulturerbes Wachau bei.<\/p>\n\n\n\n<div style=\"height:80px\" aria-hidden=\"true\" class=\"wp-block-spacer\"><\/div>\n","protected":false},"excerpt":{"rendered":"<p>Nachhaltigkeit Nachhaltigkeit mag zwar ein inflation\u00e4r verwendeter Begriff sein, was aber nicht hei\u00dft, dass er nicht wichtig ist. Nachhaltigkeit beginnt bei uns naturgem\u00e4\u00df im Weingarten. Wir begr\u00fcnen jede Parzelle, bringen tonnenweise Kompost aus und f\u00f6rdern einen nat\u00fcrlichen Humusaufbau. Wir streuen Kakaoschalen aus, die den Boden in Trockenzeiten l\u00e4nger feucht halten und zudem das Wachsen von [&hellip;]<\/p>\n","protected":false},"author":1,"featured_media":0,"parent":65,"menu_order":0,"comment_status":"closed","ping_status":"closed","template":"","meta":{"_uag_custom_page_level_css":"","site-sidebar-layout":"default","site-content-layout":"default","ast-site-content-layout":"default","site-content-style":"default","site-sidebar-style":"default","ast-global-header-display":"","ast-banner-title-visibility":"","ast-main-header-display":"","ast-hfb-above-header-display":"","ast-hfb-below-header-display":"","ast-hfb-mobile-header-display":"","site-post-title":"disabled","ast-breadcrumbs-content":"","ast-featured-img":"","footer-sml-layout":"","ast-disable-related-posts":"","theme-transparent-header-meta":"default","adv-header-id-meta":"","stick-header-meta":"","header-above-stick-meta":"","header-main-stick-meta":"","header-below-stick-meta":"","astra-migrate-meta-layouts":"default","ast-page-background-enabled":"default","ast-page-background-meta":{"desktop":{"background-color":"var(--ast-global-color-4)","background-image":"","background-repeat":"repeat","background-position":"center center","background-size":"auto","background-attachment":"scroll","background-type":"","background-media":"","overlay-type":"","overlay-color":"","overlay-opacity":"","overlay-gradient":""},"tablet":{"background-color":"","background-image":"","background-repeat":"repeat","background-position":"center center","background-size":"auto","background-attachment":"scroll","background-type":"","background-media":"","overlay-type":"","overlay-color":"","overlay-opacity":"","overlay-gradient":""},"mobile":{"background-color":"","background-image":"","background-repeat":"repeat","background-position":"center center","background-size":"auto","background-attachment":"scroll","background-type":"","background-media":"","overlay-type":"","overlay-color":"","overlay-opacity":"","overlay-gradient":""}},"ast-content-background-meta":{"desktop":{"background-color":"var(--ast-global-color-5)","background-image":"","background-repeat":"repeat","background-position":"center center","background-size":"auto","background-attachment":"scroll","background-type":"","background-media":"","overlay-type":"","overlay-color":"","overlay-opacity":"","overlay-gradient":""},"tablet":{"background-color":"var(--ast-global-color-5)","background-image":"","background-repeat":"repeat","background-position":"center center","background-size":"auto","background-attachment":"scroll","background-type":"","background-media":"","overlay-type":"","overlay-color":"","overlay-opacity":"","overlay-gradient":""},"mobile":{"background-color":"var(--ast-global-color-5)","background-image":"","background-repeat":"repeat","background-position":"center center","background-size":"auto","background-attachment":"scroll","background-type":"","background-media":"","overlay-type":"","overlay-color":"","overlay-opacity":"","overlay-gradient":""}},"footnotes":""},"class_list":["post-268","page","type-page","status-publish","hentry"],"uagb_featured_image_src":{"full":false,"thumbnail":false,"medium":false,"medium_large":false,"large":false,"gs-tiny":false,"xl":false,"xxl":false,"xxxl":false,"xxxxl":false,"xxxxxl":false,"1536x1536":false,"2048x2048":false,"ultp_layout_landscape_large":false,"ultp_layout_landscape":false,"ultp_layout_portrait":false,"ultp_layout_square":false,"woocommerce_thumbnail":false,"woocommerce_single":false,"woocommerce_gallery_thumbnail":false},"uagb_author_info":{"display_name":"krems_o3222nsc","author_link":"https:\/\/www.rixinger.at\/?author=1"},"uagb_comment_info":0,"uagb_excerpt":"Nachhaltigkeit Nachhaltigkeit mag zwar ein inflation\u00e4r verwendeter Begriff sein, was aber nicht hei\u00dft, dass er nicht wichtig ist. Nachhaltigkeit beginnt bei uns naturgem\u00e4\u00df im Weingarten. Wir begr\u00fcnen jede Parzelle, bringen tonnenweise Kompost aus und f\u00f6rdern einen nat\u00fcrlichen Humusaufbau. Wir streuen Kakaoschalen aus, die den Boden in Trockenzeiten l\u00e4nger feucht halten und zudem das Wachsen von&hellip;","_links":{"self":[{"href":"https:\/\/www.rixinger.at\/index.php?rest_route=\/wp\/v2\/pages\/268","targetHints":{"allow":["GET"]}}],"collection":[{"href":"https:\/\/www.rixinger.at\/index.php?rest_route=\/wp\/v2\/pages"}],"about":[{"href":"https:\/\/www.rixinger.at\/index.php?rest_route=\/wp\/v2\/types\/page"}],"author":[{"embeddable":true,"href":"https:\/\/www.rixinger.at\/index.php?rest_route=\/wp\/v2\/users\/1"}],"replies":[{"embeddable":true,"href":"https:\/\/www.rixinger.at\/index.php?rest_route=%2Fwp%2Fv2%2Fcomments&post=268"}],"version-history":[{"count":7,"href":"https:\/\/www.rixinger.at\/index.php?rest_route=\/wp\/v2\/pages\/268\/revisions"}],"predecessor-version":[{"id":1347,"href":"https:\/\/www.rixinger.at\/index.php?rest_route=\/wp\/v2\/pages\/268\/revisions\/1347"}],"up":[{"embeddable":true,"href":"https:\/\/www.rixinger.at\/index.php?rest_route=\/wp\/v2\/pages\/65"}],"wp:attachment":[{"href":"https:\/\/www.rixinger.at\/index.php?rest_route=%2Fwp%2Fv2%2Fmedia&parent=268"}],"curies":[{"name":"wp","href":"https:\/\/api.w.org\/{rel}","templated":true}]}}