{"id":275,"date":"2021-10-01T12:04:31","date_gmt":"2021-10-01T12:04:31","guid":{"rendered":"http:\/\/www.rixinger.at\/?page_id=275"},"modified":"2023-03-04T09:51:00","modified_gmt":"2023-03-04T09:51:00","slug":"familie-weingut","status":"publish","type":"page","link":"https:\/\/www.rixinger.at\/?page_id=275","title":{"rendered":"Familie &amp; Weingut"},"content":{"rendered":"\n<div class=\"wp-block-cover alignfull is-light\" style=\"min-height:650px;aspect-ratio:unset;\"><span aria-hidden=\"true\" class=\"wp-block-cover__background has-background-dim-0 has-background-dim\"><\/span><img loading=\"lazy\" decoding=\"async\" width=\"1900\" height=\"1267\" class=\"wp-block-cover__image-background wp-image-893\" alt=\"\" src=\"https:\/\/www.rixinger.at\/wp-content\/uploads\/2021\/10\/2U3A0180.jpg\" style=\"object-position:9% 33%\" data-object-fit=\"cover\" data-object-position=\"9% 33%\" srcset=\"https:\/\/www.rixinger.at\/wp-content\/uploads\/2021\/10\/2U3A0180.jpg 1900w, https:\/\/www.rixinger.at\/wp-content\/uploads\/2021\/10\/2U3A0180-300x200.jpg 300w, https:\/\/www.rixinger.at\/wp-content\/uploads\/2021\/10\/2U3A0180-1024x683.jpg 1024w, https:\/\/www.rixinger.at\/wp-content\/uploads\/2021\/10\/2U3A0180-768x512.jpg 768w, https:\/\/www.rixinger.at\/wp-content\/uploads\/2021\/10\/2U3A0180-1536x1024.jpg 1536w, https:\/\/www.rixinger.at\/wp-content\/uploads\/2021\/10\/2U3A0180-1200x800.jpg 1200w\" sizes=\"auto, (max-width: 1900px) 100vw, 1900px\" \/><div class=\"wp-block-cover__inner-container is-layout-flow wp-block-cover-is-layout-flow\">\n<div style=\"height:50px\" aria-hidden=\"true\" class=\"wp-block-spacer\"><\/div>\n\n\n\n<p><\/p>\n<\/div><\/div>\n\n\n\n<div style=\"height:65px\" aria-hidden=\"true\" class=\"wp-block-spacer\"><\/div>\n\n\n\n<h2 class=\"wp-block-heading\">Weingut<\/h2>\n\n\n\n<p>Unseren Hof gibt es seit \u00fcber hundert Jahren, die Terrassen in der Kalkofen und am Zornberg sind sogar noch l\u00e4nger im Besitz der Familie. Sie waren der eigentliche Grund, warum meine Urgro\u00dfeltern in den Graben zogen. Davor gab es schon einen Hof, in Oberndorf am Jauerling, der auch sp\u00e4ter noch f\u00fcr die Landwirtschaft genutzt wurde.<\/p>\n\n\n\n<p>Wein war stets ein wesentlicher Bestandteil unserer Geschichte und als die Gro\u00dfeltern- und Elterngeneration hier in Gut am Steg lebten, wurde er noch wichtiger. Wir wurden ein wenig gr\u00f6\u00dfer, doch ging die Ambition nie \u00fcber die Kapazit\u00e4ten eines Familienbetriebs hinaus. Mein Vater kaufte in einer Zeit, als Lagen noch wenig Bedeutung hatten, unseren Anteil an der Singerriedel. Die Ernte wurde gr\u00f6\u00dftenteils an die Freien Weing\u00e4rtner Wachau (die heutige Dom\u00e4ne Wachau) geliefert, die mein Gro\u00dfvater mitbegr\u00fcndet hat. Erst 1982 begannen wir, in gr\u00f6\u00dferem Rahmen selbst zu vinifizieren. In der Folgezeit entwickelten wir uns langsam zu einem Betrieb mit eigener Abf\u00fcllung. Heute besteht unser Sortiment, immer abh\u00e4ngig vom Jahrgang, aus ungef\u00e4hr 10 Weinen.<\/p>\n\n\n\n<div class=\"wp-block-columns is-layout-flex wp-container-core-columns-is-layout-28f84493 wp-block-columns-is-layout-flex\">\n<div class=\"wp-block-column is-layout-flow wp-block-column-is-layout-flow\" style=\"flex-basis:100%\"><\/div>\n<\/div>\n\n\n\n<div class=\"wp-block-columns is-layout-flex wp-container-core-columns-is-layout-28f84493 wp-block-columns-is-layout-flex\">\n<div class=\"wp-block-column is-layout-flow wp-block-column-is-layout-flow\" style=\"flex-basis:100%\">\n<figure class=\"wp-block-gallery has-nested-images columns-default is-cropped wp-block-gallery-1 is-layout-flex wp-block-gallery-is-layout-flex\">\n<figure class=\"wp-block-image size-large\"><a href=\"https:\/\/www.rixinger.at\/wp-content\/uploads\/2022\/02\/rixfam2.jpg\"><img loading=\"lazy\" decoding=\"async\" width=\"1024\" height=\"768\" data-id=\"1129\" src=\"https:\/\/www.rixinger.at\/wp-content\/uploads\/2022\/02\/rixfam2-1024x768.jpg\" alt=\"\" class=\"wp-image-1129\" srcset=\"https:\/\/www.rixinger.at\/wp-content\/uploads\/2022\/02\/rixfam2-1024x768.jpg 1024w, https:\/\/www.rixinger.at\/wp-content\/uploads\/2022\/02\/rixfam2-300x225.jpg 300w, https:\/\/www.rixinger.at\/wp-content\/uploads\/2022\/02\/rixfam2-768x576.jpg 768w, https:\/\/www.rixinger.at\/wp-content\/uploads\/2022\/02\/rixfam2-1600x1200.jpg 1600w, https:\/\/www.rixinger.at\/wp-content\/uploads\/2022\/02\/rixfam2-1536x1152.jpg 1536w, https:\/\/www.rixinger.at\/wp-content\/uploads\/2022\/02\/rixfam2-600x450.jpg 600w, https:\/\/www.rixinger.at\/wp-content\/uploads\/2022\/02\/rixfam2.jpg 1900w\" sizes=\"auto, (max-width: 1024px) 100vw, 1024px\" \/><\/a><\/figure>\n\n\n\n<figure class=\"wp-block-image size-large\"><a href=\"https:\/\/www.rixinger.at\/wp-content\/uploads\/2021\/10\/2U3A0206.jpg\"><img loading=\"lazy\" decoding=\"async\" width=\"1024\" height=\"683\" data-id=\"951\" src=\"https:\/\/www.rixinger.at\/wp-content\/uploads\/2021\/10\/2U3A0206-1024x683.jpg\" alt=\"\" class=\"wp-image-951\" srcset=\"https:\/\/www.rixinger.at\/wp-content\/uploads\/2021\/10\/2U3A0206-1024x683.jpg 1024w, https:\/\/www.rixinger.at\/wp-content\/uploads\/2021\/10\/2U3A0206-300x200.jpg 300w, https:\/\/www.rixinger.at\/wp-content\/uploads\/2021\/10\/2U3A0206-768x512.jpg 768w, https:\/\/www.rixinger.at\/wp-content\/uploads\/2021\/10\/2U3A0206-1536x1024.jpg 1536w, https:\/\/www.rixinger.at\/wp-content\/uploads\/2021\/10\/2U3A0206-1200x800.jpg 1200w, https:\/\/www.rixinger.at\/wp-content\/uploads\/2021\/10\/2U3A0206-600x400.jpg 600w, https:\/\/www.rixinger.at\/wp-content\/uploads\/2021\/10\/2U3A0206.jpg 1900w\" sizes=\"auto, (max-width: 1024px) 100vw, 1024px\" \/><\/a><\/figure>\n\n\n\n<figure class=\"wp-block-image size-large\"><a href=\"https:\/\/www.rixinger.at\/wp-content\/uploads\/2021\/10\/2U3A0188.jpg\"><img loading=\"lazy\" decoding=\"async\" width=\"683\" height=\"1024\" data-id=\"909\" src=\"https:\/\/www.rixinger.at\/wp-content\/uploads\/2021\/10\/2U3A0188-683x1024.jpg\" alt=\"\" class=\"wp-image-909\" srcset=\"https:\/\/www.rixinger.at\/wp-content\/uploads\/2021\/10\/2U3A0188-683x1024.jpg 683w, https:\/\/www.rixinger.at\/wp-content\/uploads\/2021\/10\/2U3A0188-200x300.jpg 200w, https:\/\/www.rixinger.at\/wp-content\/uploads\/2021\/10\/2U3A0188-768x1152.jpg 768w, https:\/\/www.rixinger.at\/wp-content\/uploads\/2021\/10\/2U3A0188-1024x1536.jpg 1024w, https:\/\/www.rixinger.at\/wp-content\/uploads\/2021\/10\/2U3A0188-600x900.jpg 600w, https:\/\/www.rixinger.at\/wp-content\/uploads\/2021\/10\/2U3A0188.jpg 1267w\" sizes=\"auto, (max-width: 683px) 100vw, 683px\" \/><\/a><\/figure>\n\n\n\n<figure class=\"wp-block-image size-large\"><a href=\"https:\/\/www.rixinger.at\/wp-content\/uploads\/2021\/10\/DJI_0131-Gross.jpg\"><img loading=\"lazy\" decoding=\"async\" width=\"1024\" height=\"575\" data-id=\"834\" src=\"https:\/\/www.rixinger.at\/wp-content\/uploads\/2021\/10\/DJI_0131-Gross-1024x575.jpg\" alt=\"\" class=\"wp-image-834\" srcset=\"https:\/\/www.rixinger.at\/wp-content\/uploads\/2021\/10\/DJI_0131-Gross-1024x575.jpg 1024w, https:\/\/www.rixinger.at\/wp-content\/uploads\/2021\/10\/DJI_0131-Gross-300x168.jpg 300w, https:\/\/www.rixinger.at\/wp-content\/uploads\/2021\/10\/DJI_0131-Gross-768x431.jpg 768w, https:\/\/www.rixinger.at\/wp-content\/uploads\/2021\/10\/DJI_0131-Gross-1536x863.jpg 1536w, https:\/\/www.rixinger.at\/wp-content\/uploads\/2021\/10\/DJI_0131-Gross.jpg 1900w\" sizes=\"auto, (max-width: 1024px) 100vw, 1024px\" \/><\/a><\/figure>\n\n\n\n<figure class=\"wp-block-image size-large\"><a href=\"https:\/\/www.rixinger.at\/wp-content\/uploads\/2021\/10\/DJI_0017-Gross.jpg\"><img loading=\"lazy\" decoding=\"async\" width=\"1024\" height=\"575\" data-id=\"646\" src=\"https:\/\/www.rixinger.at\/wp-content\/uploads\/2021\/10\/DJI_0017-Gross-1024x575.jpg\" alt=\"\" class=\"wp-image-646\" srcset=\"https:\/\/www.rixinger.at\/wp-content\/uploads\/2021\/10\/DJI_0017-Gross-1024x575.jpg 1024w, https:\/\/www.rixinger.at\/wp-content\/uploads\/2021\/10\/DJI_0017-Gross-300x168.jpg 300w, https:\/\/www.rixinger.at\/wp-content\/uploads\/2021\/10\/DJI_0017-Gross-768x431.jpg 768w, https:\/\/www.rixinger.at\/wp-content\/uploads\/2021\/10\/DJI_0017-Gross-1536x863.jpg 1536w, https:\/\/www.rixinger.at\/wp-content\/uploads\/2021\/10\/DJI_0017-Gross.jpg 1900w\" sizes=\"auto, (max-width: 1024px) 100vw, 1024px\" \/><\/a><\/figure>\n\n\n\n<figure class=\"wp-block-image size-large\"><a href=\"https:\/\/www.rixinger.at\/wp-content\/uploads\/2021\/10\/2U3A0368-Gross.jpg\"><img loading=\"lazy\" decoding=\"async\" width=\"683\" height=\"1024\" data-id=\"606\" src=\"https:\/\/www.rixinger.at\/wp-content\/uploads\/2021\/10\/2U3A0368-Gross-683x1024.jpg\" alt=\"\" class=\"wp-image-606\" srcset=\"https:\/\/www.rixinger.at\/wp-content\/uploads\/2021\/10\/2U3A0368-Gross-683x1024.jpg 683w, https:\/\/www.rixinger.at\/wp-content\/uploads\/2021\/10\/2U3A0368-Gross-200x300.jpg 200w, https:\/\/www.rixinger.at\/wp-content\/uploads\/2021\/10\/2U3A0368-Gross-768x1152.jpg 768w, https:\/\/www.rixinger.at\/wp-content\/uploads\/2021\/10\/2U3A0368-Gross-1024x1536.jpg 1024w, https:\/\/www.rixinger.at\/wp-content\/uploads\/2021\/10\/2U3A0368-Gross-600x900.jpg 600w, https:\/\/www.rixinger.at\/wp-content\/uploads\/2021\/10\/2U3A0368-Gross.jpg 1080w\" sizes=\"auto, (max-width: 683px) 100vw, 683px\" \/><\/a><\/figure>\n\n\n\n<figure class=\"wp-block-image size-large\"><a href=\"https:\/\/www.rixinger.at\/wp-content\/uploads\/2021\/10\/2U3A0358.jpg\"><img loading=\"lazy\" decoding=\"async\" width=\"1024\" height=\"683\" data-id=\"587\" src=\"https:\/\/www.rixinger.at\/wp-content\/uploads\/2021\/10\/2U3A0358-1024x683.jpg\" alt=\"\" class=\"wp-image-587\" srcset=\"https:\/\/www.rixinger.at\/wp-content\/uploads\/2021\/10\/2U3A0358-1024x683.jpg 1024w, https:\/\/www.rixinger.at\/wp-content\/uploads\/2021\/10\/2U3A0358-300x200.jpg 300w, https:\/\/www.rixinger.at\/wp-content\/uploads\/2021\/10\/2U3A0358-768x512.jpg 768w, https:\/\/www.rixinger.at\/wp-content\/uploads\/2021\/10\/2U3A0358-1536x1024.jpg 1536w, https:\/\/www.rixinger.at\/wp-content\/uploads\/2021\/10\/2U3A0358-1200x800.jpg 1200w, https:\/\/www.rixinger.at\/wp-content\/uploads\/2021\/10\/2U3A0358.jpg 1900w\" sizes=\"auto, (max-width: 1024px) 100vw, 1024px\" \/><\/a><\/figure>\n\n\n\n<figure class=\"wp-block-image size-large\"><a href=\"https:\/\/www.rixinger.at\/wp-content\/uploads\/2021\/10\/2U3A0350-Gross.jpg\"><img loading=\"lazy\" decoding=\"async\" width=\"1024\" height=\"683\" data-id=\"570\" src=\"https:\/\/www.rixinger.at\/wp-content\/uploads\/2021\/10\/2U3A0350-Gross-1024x683.jpg\" alt=\"\" class=\"wp-image-570\" srcset=\"https:\/\/www.rixinger.at\/wp-content\/uploads\/2021\/10\/2U3A0350-Gross-1024x683.jpg 1024w, https:\/\/www.rixinger.at\/wp-content\/uploads\/2021\/10\/2U3A0350-Gross-300x200.jpg 300w, https:\/\/www.rixinger.at\/wp-content\/uploads\/2021\/10\/2U3A0350-Gross-768x512.jpg 768w, https:\/\/www.rixinger.at\/wp-content\/uploads\/2021\/10\/2U3A0350-Gross-1536x1024.jpg 1536w, https:\/\/www.rixinger.at\/wp-content\/uploads\/2021\/10\/2U3A0350-Gross-1200x800.jpg 1200w, https:\/\/www.rixinger.at\/wp-content\/uploads\/2021\/10\/2U3A0350-Gross.jpg 1620w\" sizes=\"auto, (max-width: 1024px) 100vw, 1024px\" \/><\/a><\/figure>\n\n\n\n<figure class=\"wp-block-image size-large\"><a href=\"https:\/\/www.rixinger.at\/wp-content\/uploads\/2021\/10\/2U3A0348-Gross.jpg\"><img loading=\"lazy\" decoding=\"async\" width=\"1024\" height=\"683\" data-id=\"565\" src=\"https:\/\/www.rixinger.at\/wp-content\/uploads\/2021\/10\/2U3A0348-Gross-1024x683.jpg\" alt=\"\" class=\"wp-image-565\" srcset=\"https:\/\/www.rixinger.at\/wp-content\/uploads\/2021\/10\/2U3A0348-Gross-1024x683.jpg 1024w, https:\/\/www.rixinger.at\/wp-content\/uploads\/2021\/10\/2U3A0348-Gross-300x200.jpg 300w, https:\/\/www.rixinger.at\/wp-content\/uploads\/2021\/10\/2U3A0348-Gross-768x512.jpg 768w, https:\/\/www.rixinger.at\/wp-content\/uploads\/2021\/10\/2U3A0348-Gross-1536x1024.jpg 1536w, https:\/\/www.rixinger.at\/wp-content\/uploads\/2021\/10\/2U3A0348-Gross-1200x800.jpg 1200w, https:\/\/www.rixinger.at\/wp-content\/uploads\/2021\/10\/2U3A0348-Gross.jpg 1620w\" sizes=\"auto, (max-width: 1024px) 100vw, 1024px\" \/><\/a><\/figure>\n\n\n\n<figure class=\"wp-block-image size-large\"><a href=\"https:\/\/www.rixinger.at\/wp-content\/uploads\/2021\/10\/2U3A0337-Gross.jpg\"><img loading=\"lazy\" decoding=\"async\" width=\"1024\" height=\"683\" data-id=\"549\" src=\"https:\/\/www.rixinger.at\/wp-content\/uploads\/2021\/10\/2U3A0337-Gross-1024x683.jpg\" alt=\"\" class=\"wp-image-549\" srcset=\"https:\/\/www.rixinger.at\/wp-content\/uploads\/2021\/10\/2U3A0337-Gross-1024x683.jpg 1024w, https:\/\/www.rixinger.at\/wp-content\/uploads\/2021\/10\/2U3A0337-Gross-300x200.jpg 300w, https:\/\/www.rixinger.at\/wp-content\/uploads\/2021\/10\/2U3A0337-Gross-768x512.jpg 768w, https:\/\/www.rixinger.at\/wp-content\/uploads\/2021\/10\/2U3A0337-Gross-1536x1024.jpg 1536w, https:\/\/www.rixinger.at\/wp-content\/uploads\/2021\/10\/2U3A0337-Gross-1200x800.jpg 1200w, https:\/\/www.rixinger.at\/wp-content\/uploads\/2021\/10\/2U3A0337-Gross.jpg 1620w\" sizes=\"auto, (max-width: 1024px) 100vw, 1024px\" \/><\/a><\/figure>\n\n\n\n<figure class=\"wp-block-image size-large\"><a href=\"https:\/\/www.rixinger.at\/wp-content\/uploads\/2021\/10\/2U3A0326.jpg\"><img loading=\"lazy\" decoding=\"async\" width=\"1024\" height=\"683\" data-id=\"538\" src=\"https:\/\/www.rixinger.at\/wp-content\/uploads\/2021\/10\/2U3A0326-1024x683.jpg\" alt=\"\" class=\"wp-image-538\" srcset=\"https:\/\/www.rixinger.at\/wp-content\/uploads\/2021\/10\/2U3A0326-1024x683.jpg 1024w, https:\/\/www.rixinger.at\/wp-content\/uploads\/2021\/10\/2U3A0326-300x200.jpg 300w, https:\/\/www.rixinger.at\/wp-content\/uploads\/2021\/10\/2U3A0326-768x512.jpg 768w, https:\/\/www.rixinger.at\/wp-content\/uploads\/2021\/10\/2U3A0326-1536x1024.jpg 1536w, https:\/\/www.rixinger.at\/wp-content\/uploads\/2021\/10\/2U3A0326-1200x800.jpg 1200w, https:\/\/www.rixinger.at\/wp-content\/uploads\/2021\/10\/2U3A0326.jpg 1900w\" sizes=\"auto, (max-width: 1024px) 100vw, 1024px\" \/><\/a><\/figure>\n\n\n\n<figure class=\"wp-block-image size-large\"><a href=\"https:\/\/www.rixinger.at\/wp-content\/uploads\/2021\/10\/2U3A0310.jpg\"><img loading=\"lazy\" decoding=\"async\" width=\"683\" height=\"1024\" data-id=\"517\" src=\"https:\/\/www.rixinger.at\/wp-content\/uploads\/2021\/10\/2U3A0310-683x1024.jpg\" alt=\"\" class=\"wp-image-517\" srcset=\"https:\/\/www.rixinger.at\/wp-content\/uploads\/2021\/10\/2U3A0310-683x1024.jpg 683w, https:\/\/www.rixinger.at\/wp-content\/uploads\/2021\/10\/2U3A0310-200x300.jpg 200w, https:\/\/www.rixinger.at\/wp-content\/uploads\/2021\/10\/2U3A0310-768x1152.jpg 768w, https:\/\/www.rixinger.at\/wp-content\/uploads\/2021\/10\/2U3A0310-1024x1536.jpg 1024w, https:\/\/www.rixinger.at\/wp-content\/uploads\/2021\/10\/2U3A0310-600x900.jpg 600w, https:\/\/www.rixinger.at\/wp-content\/uploads\/2021\/10\/2U3A0310.jpg 1267w\" sizes=\"auto, (max-width: 683px) 100vw, 683px\" \/><\/a><\/figure>\n\n\n\n<figure class=\"wp-block-image size-large\"><a href=\"https:\/\/www.rixinger.at\/wp-content\/uploads\/2021\/10\/2U3A0302-Gross.jpg\"><img loading=\"lazy\" decoding=\"async\" width=\"1024\" height=\"683\" data-id=\"501\" src=\"https:\/\/www.rixinger.at\/wp-content\/uploads\/2021\/10\/2U3A0302-Gross-1024x683.jpg\" alt=\"\" class=\"wp-image-501\" srcset=\"https:\/\/www.rixinger.at\/wp-content\/uploads\/2021\/10\/2U3A0302-Gross-1024x683.jpg 1024w, https:\/\/www.rixinger.at\/wp-content\/uploads\/2021\/10\/2U3A0302-Gross-300x200.jpg 300w, https:\/\/www.rixinger.at\/wp-content\/uploads\/2021\/10\/2U3A0302-Gross-768x512.jpg 768w, https:\/\/www.rixinger.at\/wp-content\/uploads\/2021\/10\/2U3A0302-Gross-1536x1024.jpg 1536w, https:\/\/www.rixinger.at\/wp-content\/uploads\/2021\/10\/2U3A0302-Gross-1200x800.jpg 1200w, https:\/\/www.rixinger.at\/wp-content\/uploads\/2021\/10\/2U3A0302-Gross.jpg 1620w\" sizes=\"auto, (max-width: 1024px) 100vw, 1024px\" \/><\/a><\/figure>\n\n\n\n<figure class=\"wp-block-image size-large\"><a href=\"https:\/\/www.rixinger.at\/wp-content\/uploads\/2021\/10\/2U3A0243.jpg\"><img loading=\"lazy\" decoding=\"async\" width=\"1024\" height=\"683\" data-id=\"383\" src=\"https:\/\/www.rixinger.at\/wp-content\/uploads\/2021\/10\/2U3A0243-1024x683.jpg\" alt=\"\" class=\"wp-image-383\" srcset=\"https:\/\/www.rixinger.at\/wp-content\/uploads\/2021\/10\/2U3A0243-1024x683.jpg 1024w, https:\/\/www.rixinger.at\/wp-content\/uploads\/2021\/10\/2U3A0243-300x200.jpg 300w, https:\/\/www.rixinger.at\/wp-content\/uploads\/2021\/10\/2U3A0243-768x512.jpg 768w, https:\/\/www.rixinger.at\/wp-content\/uploads\/2021\/10\/2U3A0243-1536x1024.jpg 1536w, https:\/\/www.rixinger.at\/wp-content\/uploads\/2021\/10\/2U3A0243-1200x800.jpg 1200w, https:\/\/www.rixinger.at\/wp-content\/uploads\/2021\/10\/2U3A0243.jpg 1900w\" sizes=\"auto, (max-width: 1024px) 100vw, 1024px\" \/><\/a><\/figure>\n\n\n\n<figure class=\"wp-block-image size-large\"><a href=\"https:\/\/www.rixinger.at\/wp-content\/uploads\/2021\/10\/2U3A0240-Gross.jpg\"><img loading=\"lazy\" decoding=\"async\" width=\"683\" height=\"1024\" data-id=\"380\" src=\"https:\/\/www.rixinger.at\/wp-content\/uploads\/2021\/10\/2U3A0240-Gross-683x1024.jpg\" alt=\"\" class=\"wp-image-380\" srcset=\"https:\/\/www.rixinger.at\/wp-content\/uploads\/2021\/10\/2U3A0240-Gross-683x1024.jpg 683w, https:\/\/www.rixinger.at\/wp-content\/uploads\/2021\/10\/2U3A0240-Gross-200x300.jpg 200w, https:\/\/www.rixinger.at\/wp-content\/uploads\/2021\/10\/2U3A0240-Gross-768x1152.jpg 768w, https:\/\/www.rixinger.at\/wp-content\/uploads\/2021\/10\/2U3A0240-Gross-1024x1536.jpg 1024w, https:\/\/www.rixinger.at\/wp-content\/uploads\/2021\/10\/2U3A0240-Gross-600x900.jpg 600w, https:\/\/www.rixinger.at\/wp-content\/uploads\/2021\/10\/2U3A0240-Gross.jpg 1080w\" sizes=\"auto, (max-width: 683px) 100vw, 683px\" \/><\/a><\/figure>\n\n\n\n<figure class=\"wp-block-image size-large\"><a href=\"https:\/\/www.rixinger.at\/wp-content\/uploads\/2021\/10\/2U3A0235.jpg\"><img loading=\"lazy\" decoding=\"async\" width=\"1024\" height=\"683\" data-id=\"375\" src=\"https:\/\/www.rixinger.at\/wp-content\/uploads\/2021\/10\/2U3A0235-1024x683.jpg\" alt=\"\" class=\"wp-image-375\" srcset=\"https:\/\/www.rixinger.at\/wp-content\/uploads\/2021\/10\/2U3A0235-1024x683.jpg 1024w, https:\/\/www.rixinger.at\/wp-content\/uploads\/2021\/10\/2U3A0235-300x200.jpg 300w, https:\/\/www.rixinger.at\/wp-content\/uploads\/2021\/10\/2U3A0235-768x512.jpg 768w, https:\/\/www.rixinger.at\/wp-content\/uploads\/2021\/10\/2U3A0235-1536x1024.jpg 1536w, https:\/\/www.rixinger.at\/wp-content\/uploads\/2021\/10\/2U3A0235-1200x800.jpg 1200w, https:\/\/www.rixinger.at\/wp-content\/uploads\/2021\/10\/2U3A0235.jpg 1900w\" sizes=\"auto, (max-width: 1024px) 100vw, 1024px\" \/><\/a><\/figure>\n\n\n\n<figure class=\"wp-block-image size-large\"><a href=\"https:\/\/www.rixinger.at\/wp-content\/uploads\/2021\/10\/2U3A0225.jpg\"><img loading=\"lazy\" decoding=\"async\" width=\"1024\" height=\"683\" data-id=\"354\" src=\"https:\/\/www.rixinger.at\/wp-content\/uploads\/2021\/10\/2U3A0225-1024x683.jpg\" alt=\"\" class=\"wp-image-354\" srcset=\"https:\/\/www.rixinger.at\/wp-content\/uploads\/2021\/10\/2U3A0225-1024x683.jpg 1024w, https:\/\/www.rixinger.at\/wp-content\/uploads\/2021\/10\/2U3A0225-300x200.jpg 300w, https:\/\/www.rixinger.at\/wp-content\/uploads\/2021\/10\/2U3A0225-768x512.jpg 768w, https:\/\/www.rixinger.at\/wp-content\/uploads\/2021\/10\/2U3A0225-1536x1024.jpg 1536w, https:\/\/www.rixinger.at\/wp-content\/uploads\/2021\/10\/2U3A0225-1200x800.jpg 1200w, https:\/\/www.rixinger.at\/wp-content\/uploads\/2021\/10\/2U3A0225.jpg 1900w\" sizes=\"auto, (max-width: 1024px) 100vw, 1024px\" \/><\/a><\/figure>\n<\/figure>\n\n\n\n<div style=\"height:162px\" aria-hidden=\"true\" class=\"wp-block-spacer\"><\/div>\n<\/div>\n<\/div>\n","protected":false},"excerpt":{"rendered":"<p>Weingut Unseren Hof gibt es seit \u00fcber hundert Jahren, die Terrassen in der Kalkofen und am Zornberg sind sogar noch l\u00e4nger im Besitz der Familie. Sie waren der eigentliche Grund, warum meine Urgro\u00dfeltern in den Graben zogen. Davor gab es schon einen Hof, in Oberndorf am Jauerling, der auch sp\u00e4ter noch f\u00fcr die Landwirtschaft genutzt [&hellip;]<\/p>\n","protected":false},"author":1,"featured_media":0,"parent":46,"menu_order":0,"comment_status":"closed","ping_status":"closed","template":"","meta":{"_uag_custom_page_level_css":"","site-sidebar-layout":"default","site-content-layout":"default","ast-site-content-layout":"default","site-content-style":"default","site-sidebar-style":"default","ast-global-header-display":"","ast-banner-title-visibility":"","ast-main-header-display":"","ast-hfb-above-header-display":"","ast-hfb-below-header-display":"","ast-hfb-mobile-header-display":"","site-post-title":"disabled","ast-breadcrumbs-content":"","ast-featured-img":"","footer-sml-layout":"","ast-disable-related-posts":"","theme-transparent-header-meta":"default","adv-header-id-meta":"","stick-header-meta":"","header-above-stick-meta":"","header-main-stick-meta":"","header-below-stick-meta":"","astra-migrate-meta-layouts":"default","ast-page-background-enabled":"default","ast-page-background-meta":{"desktop":{"background-color":"var(--ast-global-color-4)","background-image":"","background-repeat":"repeat","background-position":"center center","background-size":"auto","background-attachment":"scroll","background-type":"","background-media":"","overlay-type":"","overlay-color":"","overlay-opacity":"","overlay-gradient":""},"tablet":{"background-color":"","background-image":"","background-repeat":"repeat","background-position":"center center","background-size":"auto","background-attachment":"scroll","background-type":"","background-media":"","overlay-type":"","overlay-color":"","overlay-opacity":"","overlay-gradient":""},"mobile":{"background-color":"","background-image":"","background-repeat":"repeat","background-position":"center center","background-size":"auto","background-attachment":"scroll","background-type":"","background-media":"","overlay-type":"","overlay-color":"","overlay-opacity":"","overlay-gradient":""}},"ast-content-background-meta":{"desktop":{"background-color":"var(--ast-global-color-5)","background-image":"","background-repeat":"repeat","background-position":"center center","background-size":"auto","background-attachment":"scroll","background-type":"","background-media":"","overlay-type":"","overlay-color":"","overlay-opacity":"","overlay-gradient":""},"tablet":{"background-color":"var(--ast-global-color-5)","background-image":"","background-repeat":"repeat","background-position":"center center","background-size":"auto","background-attachment":"scroll","background-type":"","background-media":"","overlay-type":"","overlay-color":"","overlay-opacity":"","overlay-gradient":""},"mobile":{"background-color":"var(--ast-global-color-5)","background-image":"","background-repeat":"repeat","background-position":"center center","background-size":"auto","background-attachment":"scroll","background-type":"","background-media":"","overlay-type":"","overlay-color":"","overlay-opacity":"","overlay-gradient":""}},"footnotes":""},"class_list":["post-275","page","type-page","status-publish","hentry"],"uagb_featured_image_src":{"full":false,"thumbnail":false,"medium":false,"medium_large":false,"large":false,"gs-tiny":false,"xl":false,"xxl":false,"xxxl":false,"xxxxl":false,"xxxxxl":false,"1536x1536":false,"2048x2048":false,"ultp_layout_landscape_large":false,"ultp_layout_landscape":false,"ultp_layout_portrait":false,"ultp_layout_square":false,"woocommerce_thumbnail":false,"woocommerce_single":false,"woocommerce_gallery_thumbnail":false},"uagb_author_info":{"display_name":"krems_o3222nsc","author_link":"https:\/\/www.rixinger.at\/?author=1"},"uagb_comment_info":0,"uagb_excerpt":"Weingut Unseren Hof gibt es seit \u00fcber hundert Jahren, die Terrassen in der Kalkofen und am Zornberg sind sogar noch l\u00e4nger im Besitz der Familie. Sie waren der eigentliche Grund, warum meine Urgro\u00dfeltern in den Graben zogen. Davor gab es schon einen Hof, in Oberndorf am Jauerling, der auch sp\u00e4ter noch f\u00fcr die Landwirtschaft genutzt&hellip;","_links":{"self":[{"href":"https:\/\/www.rixinger.at\/index.php?rest_route=\/wp\/v2\/pages\/275","targetHints":{"allow":["GET"]}}],"collection":[{"href":"https:\/\/www.rixinger.at\/index.php?rest_route=\/wp\/v2\/pages"}],"about":[{"href":"https:\/\/www.rixinger.at\/index.php?rest_route=\/wp\/v2\/types\/page"}],"author":[{"embeddable":true,"href":"https:\/\/www.rixinger.at\/index.php?rest_route=\/wp\/v2\/users\/1"}],"replies":[{"embeddable":true,"href":"https:\/\/www.rixinger.at\/index.php?rest_route=%2Fwp%2Fv2%2Fcomments&post=275"}],"version-history":[{"count":17,"href":"https:\/\/www.rixinger.at\/index.php?rest_route=\/wp\/v2\/pages\/275\/revisions"}],"predecessor-version":[{"id":1763,"href":"https:\/\/www.rixinger.at\/index.php?rest_route=\/wp\/v2\/pages\/275\/revisions\/1763"}],"up":[{"embeddable":true,"href":"https:\/\/www.rixinger.at\/index.php?rest_route=\/wp\/v2\/pages\/46"}],"wp:attachment":[{"href":"https:\/\/www.rixinger.at\/index.php?rest_route=%2Fwp%2Fv2%2Fmedia&parent=275"}],"curies":[{"name":"wp","href":"https:\/\/api.w.org\/{rel}","templated":true}]}}