{"id":48,"date":"2021-08-11T21:34:04","date_gmt":"2021-08-11T21:34:04","guid":{"rendered":"http:\/\/www.rixinger.at\/?page_id=48"},"modified":"2022-04-28T10:53:48","modified_gmt":"2022-04-28T10:53:48","slug":"philosophie","status":"publish","type":"page","link":"https:\/\/www.rixinger.at\/?page_id=48","title":{"rendered":"Philosophie"},"content":{"rendered":"\n<div class=\"wp-block-cover alignfull\" style=\"min-height:500px;aspect-ratio:unset;\"><img loading=\"lazy\" decoding=\"async\" width=\"1500\" height=\"710\" class=\"wp-block-cover__image-background wp-image-110\" alt=\"\" src=\"https:\/\/www.rixinger.at\/wp-content\/uploads\/2021\/08\/RixingerFriedrich_001.jpg\" style=\"object-position:50% 15%\" data-object-fit=\"cover\" data-object-position=\"50% 15%\" srcset=\"https:\/\/www.rixinger.at\/wp-content\/uploads\/2021\/08\/RixingerFriedrich_001.jpg 1500w, https:\/\/www.rixinger.at\/wp-content\/uploads\/2021\/08\/RixingerFriedrich_001-700x331.jpg 700w, https:\/\/www.rixinger.at\/wp-content\/uploads\/2021\/08\/RixingerFriedrich_001-1024x485.jpg 1024w, https:\/\/www.rixinger.at\/wp-content\/uploads\/2021\/08\/RixingerFriedrich_001-768x364.jpg 768w, https:\/\/www.rixinger.at\/wp-content\/uploads\/2021\/08\/RixingerFriedrich_001-300x142.jpg 300w, https:\/\/www.rixinger.at\/wp-content\/uploads\/2021\/08\/RixingerFriedrich_001-600x284.jpg 600w\" sizes=\"auto, (max-width: 1500px) 100vw, 1500px\" \/><div class=\"wp-block-cover__inner-container is-layout-flow wp-block-cover-is-layout-flow\">\n<p class=\"has-text-align-center has-large-font-size\"><\/p>\n<\/div><\/div>\n\n\n\n<div style=\"height:50px\" aria-hidden=\"true\" class=\"wp-block-spacer\"><\/div>\n\n\n\n<h2 class=\"wp-block-heading\">Philosophie<\/h2>\n\n\n\n<p>Im Laufe der Jahre habe ich eine immer deutlichere Vorstellung davon bekommen, wohin der Weg eigentlich f\u00fchren soll. Mittlerweile hat sich in mir eine Konzeption festgesetzt, die ma\u00dfgeblich mit meinem Umfeld im Graben zu tun hat. Die Aufgabe, die mir im komplexen Zusammenwirken von Boden, Klima, Rebstock und Wetter zukommt, ist die des Mediators. Ich greife m\u00f6glichst wenig ein, beobachte viel, arbeite nachhaltig und versuche unter den vorgegebenen Bedingungen jeweils die richtigen Entscheidungen zu treffen.<\/p>\n\n\n\n<p>Die Arbeit im Keller verl\u00e4uft minimalistisch und handwerklich. Obwohl ich den Wein durch eine Vielzahl von Prozessen zu f\u00fchren habe, lasse ich ihn doch weitestgehend in Ruhe. Nach der G\u00e4rung bleibt er \u00fcber mehrere Monate auf der Feinhefe. Wein ben\u00f6tigt Zeit und Ruhe, um sich in ein harmonisches, tiefgr\u00fcndiges und vielschichtiges Ganzes zu entwickeln und seine perfekte Balance zu finden.<\/p>\n\n\n\n<div style=\"height:30px\" aria-hidden=\"true\" class=\"wp-block-spacer\"><\/div>\n","protected":false},"excerpt":{"rendered":"<p>Philosophie Im Laufe der Jahre habe ich eine immer deutlichere Vorstellung davon bekommen, wohin der Weg eigentlich f\u00fchren soll. Mittlerweile hat sich in mir eine Konzeption festgesetzt, die ma\u00dfgeblich mit meinem Umfeld im Graben zu tun hat. Die Aufgabe, die mir im komplexen Zusammenwirken von Boden, Klima, Rebstock und Wetter zukommt, ist die des Mediators. [&hellip;]<\/p>\n","protected":false},"author":1,"featured_media":110,"parent":46,"menu_order":0,"comment_status":"closed","ping_status":"closed","template":"","meta":{"_uag_custom_page_level_css":"","site-sidebar-layout":"default","site-content-layout":"plain-container","ast-site-content-layout":"default","site-content-style":"default","site-sidebar-style":"default","ast-global-header-display":"","ast-banner-title-visibility":"","ast-main-header-display":"","ast-hfb-above-header-display":"","ast-hfb-below-header-display":"","ast-hfb-mobile-header-display":"","site-post-title":"disabled","ast-breadcrumbs-content":"","ast-featured-img":"disabled","footer-sml-layout":"","ast-disable-related-posts":"","theme-transparent-header-meta":"default","adv-header-id-meta":"","stick-header-meta":"","header-above-stick-meta":"","header-main-stick-meta":"","header-below-stick-meta":"","astra-migrate-meta-layouts":"default","ast-page-background-enabled":"default","ast-page-background-meta":{"desktop":{"background-color":"var(--ast-global-color-4)","background-image":"","background-repeat":"repeat","background-position":"center center","background-size":"auto","background-attachment":"scroll","background-type":"","background-media":"","overlay-type":"","overlay-color":"","overlay-opacity":"","overlay-gradient":""},"tablet":{"background-color":"","background-image":"","background-repeat":"repeat","background-position":"center center","background-size":"auto","background-attachment":"scroll","background-type":"","background-media":"","overlay-type":"","overlay-color":"","overlay-opacity":"","overlay-gradient":""},"mobile":{"background-color":"","background-image":"","background-repeat":"repeat","background-position":"center center","background-size":"auto","background-attachment":"scroll","background-type":"","background-media":"","overlay-type":"","overlay-color":"","overlay-opacity":"","overlay-gradient":""}},"ast-content-background-meta":{"desktop":{"background-color":"var(--ast-global-color-5)","background-image":"","background-repeat":"repeat","background-position":"center center","background-size":"auto","background-attachment":"scroll","background-type":"","background-media":"","overlay-type":"","overlay-color":"","overlay-opacity":"","overlay-gradient":""},"tablet":{"background-color":"var(--ast-global-color-5)","background-image":"","background-repeat":"repeat","background-position":"center center","background-size":"auto","background-attachment":"scroll","background-type":"","background-media":"","overlay-type":"","overlay-color":"","overlay-opacity":"","overlay-gradient":""},"mobile":{"background-color":"var(--ast-global-color-5)","background-image":"","background-repeat":"repeat","background-position":"center center","background-size":"auto","background-attachment":"scroll","background-type":"","background-media":"","overlay-type":"","overlay-color":"","overlay-opacity":"","overlay-gradient":""}},"footnotes":""},"class_list":["post-48","page","type-page","status-publish","has-post-thumbnail","hentry"],"uagb_featured_image_src":{"full":["https:\/\/www.rixinger.at\/wp-content\/uploads\/2021\/08\/RixingerFriedrich_001.jpg",1500,710,false],"thumbnail":["https:\/\/www.rixinger.at\/wp-content\/uploads\/2021\/08\/RixingerFriedrich_001-400x400.jpg",400,400,true],"medium":["https:\/\/www.rixinger.at\/wp-content\/uploads\/2021\/08\/RixingerFriedrich_001-700x331.jpg",700,331,true],"medium_large":["https:\/\/www.rixinger.at\/wp-content\/uploads\/2021\/08\/RixingerFriedrich_001-768x364.jpg",768,364,true],"large":["https:\/\/www.rixinger.at\/wp-content\/uploads\/2021\/08\/RixingerFriedrich_001-1024x485.jpg",1024,485,true],"gs-tiny":["https:\/\/www.rixinger.at\/wp-content\/uploads\/2021\/08\/RixingerFriedrich_001.jpg",50,24,false],"xl":["https:\/\/www.rixinger.at\/wp-content\/uploads\/2021\/08\/RixingerFriedrich_001.jpg",1500,710,false],"xxl":["https:\/\/www.rixinger.at\/wp-content\/uploads\/2021\/08\/RixingerFriedrich_001.jpg",1500,710,false],"xxxl":["https:\/\/www.rixinger.at\/wp-content\/uploads\/2021\/08\/RixingerFriedrich_001.jpg",1500,710,false],"xxxxl":["https:\/\/www.rixinger.at\/wp-content\/uploads\/2021\/08\/RixingerFriedrich_001.jpg",1500,710,false],"xxxxxl":["https:\/\/www.rixinger.at\/wp-content\/uploads\/2021\/08\/RixingerFriedrich_001.jpg",1500,710,false],"1536x1536":["https:\/\/www.rixinger.at\/wp-content\/uploads\/2021\/08\/RixingerFriedrich_001.jpg",1500,710,false],"2048x2048":["https:\/\/www.rixinger.at\/wp-content\/uploads\/2021\/08\/RixingerFriedrich_001.jpg",1500,710,false],"ultp_layout_landscape_large":["https:\/\/www.rixinger.at\/wp-content\/uploads\/2021\/08\/RixingerFriedrich_001-1200x710.jpg",1200,710,true],"ultp_layout_landscape":["https:\/\/www.rixinger.at\/wp-content\/uploads\/2021\/08\/RixingerFriedrich_001-870x570.jpg",870,570,true],"ultp_layout_portrait":["https:\/\/www.rixinger.at\/wp-content\/uploads\/2021\/08\/RixingerFriedrich_001-600x710.jpg",600,710,true],"ultp_layout_square":["https:\/\/www.rixinger.at\/wp-content\/uploads\/2021\/08\/RixingerFriedrich_001-600x600.jpg",600,600,true],"woocommerce_thumbnail":["https:\/\/www.rixinger.at\/wp-content\/uploads\/2021\/08\/RixingerFriedrich_001-300x142.jpg",300,142,true],"woocommerce_single":["https:\/\/www.rixinger.at\/wp-content\/uploads\/2021\/08\/RixingerFriedrich_001-600x284.jpg",600,284,true],"woocommerce_gallery_thumbnail":["https:\/\/www.rixinger.at\/wp-content\/uploads\/2021\/08\/RixingerFriedrich_001-100x100.jpg",100,100,true]},"uagb_author_info":{"display_name":"krems_o3222nsc","author_link":"https:\/\/www.rixinger.at\/?author=1"},"uagb_comment_info":0,"uagb_excerpt":"Philosophie Im Laufe der Jahre habe ich eine immer deutlichere Vorstellung davon bekommen, wohin der Weg eigentlich f\u00fchren soll. Mittlerweile hat sich in mir eine Konzeption festgesetzt, die ma\u00dfgeblich mit meinem Umfeld im Graben zu tun hat. Die Aufgabe, die mir im komplexen Zusammenwirken von Boden, Klima, Rebstock und Wetter zukommt, ist die des Mediators.&hellip;","_links":{"self":[{"href":"https:\/\/www.rixinger.at\/index.php?rest_route=\/wp\/v2\/pages\/48","targetHints":{"allow":["GET"]}}],"collection":[{"href":"https:\/\/www.rixinger.at\/index.php?rest_route=\/wp\/v2\/pages"}],"about":[{"href":"https:\/\/www.rixinger.at\/index.php?rest_route=\/wp\/v2\/types\/page"}],"author":[{"embeddable":true,"href":"https:\/\/www.rixinger.at\/index.php?rest_route=\/wp\/v2\/users\/1"}],"replies":[{"embeddable":true,"href":"https:\/\/www.rixinger.at\/index.php?rest_route=%2Fwp%2Fv2%2Fcomments&post=48"}],"version-history":[{"count":8,"href":"https:\/\/www.rixinger.at\/index.php?rest_route=\/wp\/v2\/pages\/48\/revisions"}],"predecessor-version":[{"id":1151,"href":"https:\/\/www.rixinger.at\/index.php?rest_route=\/wp\/v2\/pages\/48\/revisions\/1151"}],"up":[{"embeddable":true,"href":"https:\/\/www.rixinger.at\/index.php?rest_route=\/wp\/v2\/pages\/46"}],"wp:featuredmedia":[{"embeddable":true,"href":"https:\/\/www.rixinger.at\/index.php?rest_route=\/wp\/v2\/media\/110"}],"wp:attachment":[{"href":"https:\/\/www.rixinger.at\/index.php?rest_route=%2Fwp%2Fv2%2Fmedia&parent=48"}],"curies":[{"name":"wp","href":"https:\/\/api.w.org\/{rel}","templated":true}]}}