{"id":965,"date":"2021-10-01T15:01:29","date_gmt":"2021-10-01T15:01:29","guid":{"rendered":"http:\/\/www.rixinger.at\/?post_type=product&#038;p=965"},"modified":"2025-05-29T09:07:17","modified_gmt":"2025-05-29T09:07:17","slug":"riesling-federspiel-kalkofen","status":"publish","type":"product","link":"https:\/\/www.rixinger.at\/?product=riesling-federspiel-kalkofen","title":{"rendered":"Riesling Federspiel Kalkofen"},"content":{"rendered":"<h3><strong>Kalkofen:<img loading=\"lazy\" decoding=\"async\" class=\"size-medium wp-image-1287 alignright\" src=\"https:\/\/www.rixinger.at\/wp-content\/uploads\/2022\/04\/Kalkofen_Rixinger_P55A0239-700x207.png\" alt=\"\" width=\"700\" height=\"207\" srcset=\"https:\/\/www.rixinger.at\/wp-content\/uploads\/2022\/04\/Kalkofen_Rixinger_P55A0239-700x207.png 700w, https:\/\/www.rixinger.at\/wp-content\/uploads\/2022\/04\/Kalkofen_Rixinger_P55A0239-1024x303.png 1024w, https:\/\/www.rixinger.at\/wp-content\/uploads\/2022\/04\/Kalkofen_Rixinger_P55A0239-768x228.png 768w, https:\/\/www.rixinger.at\/wp-content\/uploads\/2022\/04\/Kalkofen_Rixinger_P55A0239-1600x474.png 1600w, https:\/\/www.rixinger.at\/wp-content\/uploads\/2022\/04\/Kalkofen_Rixinger_P55A0239-1536x455.png 1536w, https:\/\/www.rixinger.at\/wp-content\/uploads\/2022\/04\/Kalkofen_Rixinger_P55A0239-300x89.png 300w, https:\/\/www.rixinger.at\/wp-content\/uploads\/2022\/04\/Kalkofen_Rixinger_P55A0239-600x178.png 600w, https:\/\/www.rixinger.at\/wp-content\/uploads\/2022\/04\/Kalkofen_Rixinger_P55A0239.png 1900w\" sizes=\"auto, (max-width: 700px) 100vw, 700px\" \/><\/strong><\/h3>\n<p>&nbsp;<\/p>\n<p>Macht seinem Namen alle Ehre. Im Sommer kann man hier nur am Morgen arbeiten, da danach die Hitze selbst die Eidechsen in die Ritzen der Trockensteinmauern treibt. Perfektes Terrain f\u00fcr Neuburger \u2013 der h\u00e4lt Trockenheit bestens aus, wurzelt tief und holt sich auch noch in den hei\u00dfesten Sommern aus der Tiefe Wasser. Einige Rebzeilen geh\u00f6ren zudem dem Riesling, der es im Kalkofen zwar nicht einfach hat, doch durch entsprechende Laubwandarbeit und ausreichend Beschattung immer wieder beeindruckende Weine hervorbringt.<\/p>\n","protected":false},"excerpt":{"rendered":"<p>Der Kalkofen hat keine schattigen Stellen, dennoch f\u00fchlt sich Riesling hier wohl. Der Ertrag ist in dem steinigen Terrain grunds\u00e4tzlich niedrig, weshalb sich in die wenigen Trauben zus\u00e4tzlich Extrakte einlagern. S\u00e4ure und Zucker finden ihr nat\u00fcrliches Gleichgewicht. Frische und feine Frucht balancieren sich dann auch im Wein aus und erg\u00e4nzen mineralische Noten. Die Weine pr\u00e4sentieren sich s\u00fcffig aber komplex, stoffig und doch straff, pr\u00e4zis und druckvoll und haben Potential f\u00fcr ein Dutzend Jahre.<\/p>\n<p><a href=\"https:\/\/www.rixinger.at\/wp-content\/uploads\/2021\/10\/Daten-Riesling-Federspiel-Kalkofen-2024.pdf\">Daten Riesling Federspiel Kalkofen 2024<\/a><\/p>\n<p><a href=\"https:\/\/www.rixinger.at\/wp-content\/uploads\/2021\/10\/Daten-Riesling-Federspiel-Kalkofen-2023-1.pdf\">Daten Riesling Federspiel Kalkofen 2023<\/a><\/p>\n<p><a href=\"https:\/\/www.rixinger.at\/wp-content\/uploads\/2021\/10\/Daten-Riesling-Federspiel-Kalkofen-2022.pdf\">Daten Riesling Federspiel Kalkofen 2022<\/a><\/p>\n<p><a href=\"https:\/\/www.rixinger.at\/wp-content\/uploads\/2022\/05\/Daten-Riesling-Federspiel-Kalkofen-2021-1.pdf\"> Riesling Federspiel Kalkofen 2021<\/a><\/p>\n","protected":false},"featured_media":1242,"comment_status":"closed","ping_status":"closed","template":"","meta":{"_uag_custom_page_level_css":"","site-sidebar-layout":"default","site-content-layout":"default","ast-site-content-layout":"default","site-content-style":"default","site-sidebar-style":"default","ast-global-header-display":"","ast-banner-title-visibility":"","ast-main-header-display":"","ast-hfb-above-header-display":"","ast-hfb-below-header-display":"","ast-hfb-mobile-header-display":"","site-post-title":"","ast-breadcrumbs-content":"","ast-featured-img":"","footer-sml-layout":"","ast-disable-related-posts":"","theme-transparent-header-meta":"default","adv-header-id-meta":"","stick-header-meta":"","header-above-stick-meta":"","header-main-stick-meta":"","header-below-stick-meta":"","astra-migrate-meta-layouts":"set","ast-page-background-enabled":"default","ast-page-background-meta":{"desktop":{"background-color":"var(--ast-global-color-4)","background-image":"","background-repeat":"repeat","background-position":"center center","background-size":"auto","background-attachment":"scroll","background-type":"","background-media":"","overlay-type":"","overlay-color":"","overlay-opacity":"","overlay-gradient":""},"tablet":{"background-color":"","background-image":"","background-repeat":"repeat","background-position":"center center","background-size":"auto","background-attachment":"scroll","background-type":"","background-media":"","overlay-type":"","overlay-color":"","overlay-opacity":"","overlay-gradient":""},"mobile":{"background-color":"","background-image":"","background-repeat":"repeat","background-position":"center center","background-size":"auto","background-attachment":"scroll","background-type":"","background-media":"","overlay-type":"","overlay-color":"","overlay-opacity":"","overlay-gradient":""}},"ast-content-background-meta":{"desktop":{"background-color":"var(--ast-global-color-5)","background-image":"","background-repeat":"repeat","background-position":"center center","background-size":"auto","background-attachment":"scroll","background-type":"","background-media":"","overlay-type":"","overlay-color":"","overlay-opacity":"","overlay-gradient":""},"tablet":{"background-color":"var(--ast-global-color-5)","background-image":"","background-repeat":"repeat","background-position":"center center","background-size":"auto","background-attachment":"scroll","background-type":"","background-media":"","overlay-type":"","overlay-color":"","overlay-opacity":"","overlay-gradient":""},"mobile":{"background-color":"var(--ast-global-color-5)","background-image":"","background-repeat":"repeat","background-position":"center center","background-size":"auto","background-attachment":"scroll","background-type":"","background-media":"","overlay-type":"","overlay-color":"","overlay-opacity":"","overlay-gradient":""}}},"product_cat":[19],"product_tag":[],"class_list":{"0":"post-965","1":"product","2":"type-product","3":"status-publish","4":"has-post-thumbnail","6":"product_cat-riesling","7":"desktop-align-left","8":"tablet-align-left","9":"mobile-align-left","11":"first","12":"instock","13":"shipping-taxable","14":"product-type-simple"},"uagb_featured_image_src":{"full":["https:\/\/www.rixinger.at\/wp-content\/uploads\/2022\/04\/rixinger-riesling-federspiel-kalkofen.jpg",1062,1900,false],"thumbnail":["https:\/\/www.rixinger.at\/wp-content\/uploads\/2022\/04\/rixinger-riesling-federspiel-kalkofen-400x400.jpg",400,400,true],"medium":["https:\/\/www.rixinger.at\/wp-content\/uploads\/2022\/04\/rixinger-riesling-federspiel-kalkofen-391x700.jpg",391,700,true],"medium_large":["https:\/\/www.rixinger.at\/wp-content\/uploads\/2022\/04\/rixinger-riesling-federspiel-kalkofen-768x1374.jpg",768,1374,true],"large":["https:\/\/www.rixinger.at\/wp-content\/uploads\/2022\/04\/rixinger-riesling-federspiel-kalkofen-572x1024.jpg",572,1024,true],"gs-tiny":["https:\/\/www.rixinger.at\/wp-content\/uploads\/2022\/04\/rixinger-riesling-federspiel-kalkofen.jpg",50,89,false],"xl":["https:\/\/www.rixinger.at\/wp-content\/uploads\/2022\/04\/rixinger-riesling-federspiel-kalkofen.jpg",1062,1900,false],"xxl":["https:\/\/www.rixinger.at\/wp-content\/uploads\/2022\/04\/rixinger-riesling-federspiel-kalkofen.jpg",1062,1900,false],"xxxl":["https:\/\/www.rixinger.at\/wp-content\/uploads\/2022\/04\/rixinger-riesling-federspiel-kalkofen.jpg",1062,1900,false],"xxxxl":["https:\/\/www.rixinger.at\/wp-content\/uploads\/2022\/04\/rixinger-riesling-federspiel-kalkofen.jpg",1062,1900,false],"xxxxxl":["https:\/\/www.rixinger.at\/wp-content\/uploads\/2022\/04\/rixinger-riesling-federspiel-kalkofen.jpg",1062,1900,false],"1536x1536":["https:\/\/www.rixinger.at\/wp-content\/uploads\/2022\/04\/rixinger-riesling-federspiel-kalkofen-859x1536.jpg",859,1536,true],"2048x2048":["https:\/\/www.rixinger.at\/wp-content\/uploads\/2022\/04\/rixinger-riesling-federspiel-kalkofen.jpg",1062,1900,false],"ultp_layout_landscape_large":["https:\/\/www.rixinger.at\/wp-content\/uploads\/2022\/04\/rixinger-riesling-federspiel-kalkofen-1062x800.jpg",1062,800,true],"ultp_layout_landscape":["https:\/\/www.rixinger.at\/wp-content\/uploads\/2022\/04\/rixinger-riesling-federspiel-kalkofen-870x570.jpg",870,570,true],"ultp_layout_portrait":["https:\/\/www.rixinger.at\/wp-content\/uploads\/2022\/04\/rixinger-riesling-federspiel-kalkofen-600x900.jpg",600,900,true],"ultp_layout_square":["https:\/\/www.rixinger.at\/wp-content\/uploads\/2022\/04\/rixinger-riesling-federspiel-kalkofen-600x600.jpg",600,600,true],"woocommerce_thumbnail":["https:\/\/www.rixinger.at\/wp-content\/uploads\/2022\/04\/rixinger-riesling-federspiel-kalkofen-300x537.jpg",300,537,true],"woocommerce_single":["https:\/\/www.rixinger.at\/wp-content\/uploads\/2022\/04\/rixinger-riesling-federspiel-kalkofen-600x1073.jpg",600,1073,true],"woocommerce_gallery_thumbnail":["https:\/\/www.rixinger.at\/wp-content\/uploads\/2022\/04\/rixinger-riesling-federspiel-kalkofen-100x100.jpg",100,100,true]},"uagb_author_info":{"display_name":"krems_o3222nsc","author_link":"https:\/\/www.rixinger.at\/?author=0"},"uagb_comment_info":0,"uagb_excerpt":"Der Kalkofen hat keine schattigen Stellen, dennoch f\u00fchlt sich Riesling hier wohl. Der Ertrag ist in dem steinigen Terrain grunds\u00e4tzlich niedrig, weshalb sich in die wenigen Trauben zus\u00e4tzlich Extrakte einlagern. S\u00e4ure und Zucker finden ihr nat\u00fcrliches Gleichgewicht. Frische und feine Frucht balancieren sich dann auch im Wein aus und erg\u00e4nzen mineralische Noten. Die Weine pr\u00e4sentieren&hellip;","_links":{"self":[{"href":"https:\/\/www.rixinger.at\/index.php?rest_route=\/wp\/v2\/product\/965","targetHints":{"allow":["GET"]}}],"collection":[{"href":"https:\/\/www.rixinger.at\/index.php?rest_route=\/wp\/v2\/product"}],"about":[{"href":"https:\/\/www.rixinger.at\/index.php?rest_route=\/wp\/v2\/types\/product"}],"replies":[{"embeddable":true,"href":"https:\/\/www.rixinger.at\/index.php?rest_route=%2Fwp%2Fv2%2Fcomments&post=965"}],"wp:featuredmedia":[{"embeddable":true,"href":"https:\/\/www.rixinger.at\/index.php?rest_route=\/wp\/v2\/media\/1242"}],"wp:attachment":[{"href":"https:\/\/www.rixinger.at\/index.php?rest_route=%2Fwp%2Fv2%2Fmedia&parent=965"}],"wp:term":[{"taxonomy":"product_cat","embeddable":true,"href":"https:\/\/www.rixinger.at\/index.php?rest_route=%2Fwp%2Fv2%2Fproduct_cat&post=965"},{"taxonomy":"product_tag","embeddable":true,"href":"https:\/\/www.rixinger.at\/index.php?rest_route=%2Fwp%2Fv2%2Fproduct_tag&post=965"}],"curies":[{"name":"wp","href":"https:\/\/api.w.org\/{rel}","templated":true}]}}