{"id":966,"date":"2021-10-01T15:01:48","date_gmt":"2021-10-01T15:01:48","guid":{"rendered":"http:\/\/www.rixinger.at\/?post_type=product&#038;p=966"},"modified":"2025-09-02T05:58:53","modified_gmt":"2025-09-02T05:58:53","slug":"riesling-smaragd-singerriedel","status":"publish","type":"product","link":"https:\/\/www.rixinger.at\/?product=riesling-smaragd-singerriedel","title":{"rendered":"Riesling Smaragd Singerriedel"},"content":{"rendered":"<h3>Singerriedel<\/h3>\n<p><a href=\"https:\/\/www.rixinger.at\/wp-content\/uploads\/2022\/02\/csm_Ried_Singerriedel_herbst-0449_3afff396c1.jpg\"><img loading=\"lazy\" decoding=\"async\" class=\"alignnone wp-image-1168\" src=\"https:\/\/www.rixinger.at\/wp-content\/uploads\/2022\/02\/csm_Ried_Singerriedel_herbst-0449_3afff396c1-300x115.jpg\" alt=\"\" width=\"500\" height=\"192\" srcset=\"https:\/\/www.rixinger.at\/wp-content\/uploads\/2022\/02\/csm_Ried_Singerriedel_herbst-0449_3afff396c1-300x115.jpg 300w, https:\/\/www.rixinger.at\/wp-content\/uploads\/2022\/02\/csm_Ried_Singerriedel_herbst-0449_3afff396c1-1024x394.jpg 1024w, https:\/\/www.rixinger.at\/wp-content\/uploads\/2022\/02\/csm_Ried_Singerriedel_herbst-0449_3afff396c1-768x295.jpg 768w, https:\/\/www.rixinger.at\/wp-content\/uploads\/2022\/02\/csm_Ried_Singerriedel_herbst-0449_3afff396c1-600x231.jpg 600w, https:\/\/www.rixinger.at\/wp-content\/uploads\/2022\/02\/csm_Ried_Singerriedel_herbst-0449_3afff396c1.jpg 1400w\" sizes=\"auto, (max-width: 500px) 100vw, 500px\" \/><\/a><\/p>\n<p>Eine der ber\u00fchmtesten Lagen der Wachau und \u00d6sterreichs. Der Singerriedel ist extrem steil und die Rebst\u00f6cke darin sind teilweise sehr alt. Die lange Sonneneinstrahlung, die von den Mauern gespeichert wird und kalte Luft, die vom Jauerling nachts in die Riede str\u00f6mt, sorgen f\u00fcr ein perfektes Mikroklima. Die Reben wurzeln in Paragneis, \u00fcber den sich eine Schicht Verwitterungsboden mit Braunerde gelegt hat. Das Resultat sind strukturierte, hochmineralische und anspruchsvolle Weine mit enormem Zukunftspotenzial.<br \/>\nMein Vater erwarb seinen Teil des Singerriedels, als Lagen in der Wachau noch eine untergeordnete Rolle spielten. Er wollte seinen Weinen aus dem Graben einen Kontrapunkt entgegensetzen. Seither keltern wir von ihm, anders als die meisten darin arbeitenden Winzer, neben einem Riesling auch einen Gr\u00fcnen Veltliner, dessen Trauben vom tiefgr\u00fcndigen Teil des unteren Singerriedels stammen. Die Riede wird aufgrund ihrer Steilheit von oben bis unten manuell bearbeitet.<\/p>\n","protected":false},"excerpt":{"rendered":"<p>Das Flaggschiff unseres Sortiment. Darin kommt zum Ausdruck, was eine edle Rebsorte in einer gro\u00dfen Lage zu bieten hat: pr\u00e4zise gelbe Fruchtaromen, steinige Noten, Frische, Kraft, Geradlinigkeit und Detailreichtum. Der Gaumen ist rauchig und saftig, die S\u00e4ure \u2013 im allgemeinen knackig \u2013 st\u00f6\u00dft auf soviel Mineralit\u00e4t und Substanz, dass sie sich perfekt einbindet. Im Idealfall ist der Riesling von der Singerriedel ein harmonisches Gesamtkunstwerk und steht beispielhaft f\u00fcr unserer Ambitionen und Anstrengungen.<\/p>\n<p>ab September erh\u00e4ltlich<\/p>\n<p><a href=\"https:\/\/www.rixinger.at\/wp-content\/uploads\/2021\/10\/Daten-Riesling-Smaragd-Singerriedel-2021.pdf\">Daten Riesling Smaragd Singerriedel 2021<\/a><\/p>\n<p><a href=\"https:\/\/www.rixinger.at\/wp-content\/uploads\/2021\/10\/Daten-Riesling-Smaragd-Singerriedel-2022.pdf\">Daten Riesling Smaragd Singerriedel 2022<\/a><\/p>\n<p><a href=\"https:\/\/www.rixinger.at\/wp-content\/uploads\/2021\/10\/Daten-Riesling-Smaragd-Singerriedel-2023.pdf\">Daten Riesling Smaragd Singerriedel 2023<\/a><\/p>\n<p><a href=\"https:\/\/www.rixinger.at\/wp-content\/uploads\/2021\/10\/Daten-Riesling-Smaragd-Singerriedel-2024.pdf\">Daten Riesling Smaragd Singerriedel 2024<\/a><\/p>\n","protected":false},"featured_media":1839,"comment_status":"closed","ping_status":"closed","template":"","meta":{"_uag_custom_page_level_css":"","site-sidebar-layout":"default","site-content-layout":"default","ast-site-content-layout":"default","site-content-style":"default","site-sidebar-style":"default","ast-global-header-display":"","ast-banner-title-visibility":"","ast-main-header-display":"","ast-hfb-above-header-display":"","ast-hfb-below-header-display":"","ast-hfb-mobile-header-display":"","site-post-title":"","ast-breadcrumbs-content":"","ast-featured-img":"","footer-sml-layout":"","ast-disable-related-posts":"","theme-transparent-header-meta":"default","adv-header-id-meta":"","stick-header-meta":"","header-above-stick-meta":"","header-main-stick-meta":"","header-below-stick-meta":"","astra-migrate-meta-layouts":"set","ast-page-background-enabled":"default","ast-page-background-meta":{"desktop":{"background-color":"var(--ast-global-color-4)","background-image":"","background-repeat":"repeat","background-position":"center center","background-size":"auto","background-attachment":"scroll","background-type":"","background-media":"","overlay-type":"","overlay-color":"","overlay-opacity":"","overlay-gradient":""},"tablet":{"background-color":"","background-image":"","background-repeat":"repeat","background-position":"center center","background-size":"auto","background-attachment":"scroll","background-type":"","background-media":"","overlay-type":"","overlay-color":"","overlay-opacity":"","overlay-gradient":""},"mobile":{"background-color":"","background-image":"","background-repeat":"repeat","background-position":"center center","background-size":"auto","background-attachment":"scroll","background-type":"","background-media":"","overlay-type":"","overlay-color":"","overlay-opacity":"","overlay-gradient":""}},"ast-content-background-meta":{"desktop":{"background-color":"var(--ast-global-color-5)","background-image":"","background-repeat":"repeat","background-position":"center center","background-size":"auto","background-attachment":"scroll","background-type":"","background-media":"","overlay-type":"","overlay-color":"","overlay-opacity":"","overlay-gradient":""},"tablet":{"background-color":"var(--ast-global-color-5)","background-image":"","background-repeat":"repeat","background-position":"center center","background-size":"auto","background-attachment":"scroll","background-type":"","background-media":"","overlay-type":"","overlay-color":"","overlay-opacity":"","overlay-gradient":""},"mobile":{"background-color":"var(--ast-global-color-5)","background-image":"","background-repeat":"repeat","background-position":"center center","background-size":"auto","background-attachment":"scroll","background-type":"","background-media":"","overlay-type":"","overlay-color":"","overlay-opacity":"","overlay-gradient":""}}},"product_cat":[19],"product_tag":[],"class_list":{"0":"post-966","1":"product","2":"type-product","3":"status-publish","4":"has-post-thumbnail","6":"product_cat-riesling","7":"desktop-align-left","8":"tablet-align-left","9":"mobile-align-left","11":"first","12":"instock","13":"shipping-taxable","14":"product-type-simple"},"uagb_featured_image_src":{"full":["https:\/\/www.rixinger.at\/wp-content\/uploads\/2021\/10\/rixinger-riesling-smaragd-singerriedel-1.jpg",1062,1900,false],"thumbnail":["https:\/\/www.rixinger.at\/wp-content\/uploads\/2021\/10\/rixinger-riesling-smaragd-singerriedel-1-400x400.jpg",400,400,true],"medium":["https:\/\/www.rixinger.at\/wp-content\/uploads\/2021\/10\/rixinger-riesling-smaragd-singerriedel-1-391x700.jpg",391,700,true],"medium_large":["https:\/\/www.rixinger.at\/wp-content\/uploads\/2021\/10\/rixinger-riesling-smaragd-singerriedel-1-768x1374.jpg",768,1374,true],"large":["https:\/\/www.rixinger.at\/wp-content\/uploads\/2021\/10\/rixinger-riesling-smaragd-singerriedel-1-572x1024.jpg",572,1024,true],"gs-tiny":["https:\/\/www.rixinger.at\/wp-content\/uploads\/2021\/10\/rixinger-riesling-smaragd-singerriedel-1.jpg",50,89,false],"xl":["https:\/\/www.rixinger.at\/wp-content\/uploads\/2021\/10\/rixinger-riesling-smaragd-singerriedel-1.jpg",1062,1900,false],"xxl":["https:\/\/www.rixinger.at\/wp-content\/uploads\/2021\/10\/rixinger-riesling-smaragd-singerriedel-1.jpg",1062,1900,false],"xxxl":["https:\/\/www.rixinger.at\/wp-content\/uploads\/2021\/10\/rixinger-riesling-smaragd-singerriedel-1.jpg",1062,1900,false],"xxxxl":["https:\/\/www.rixinger.at\/wp-content\/uploads\/2021\/10\/rixinger-riesling-smaragd-singerriedel-1.jpg",1062,1900,false],"xxxxxl":["https:\/\/www.rixinger.at\/wp-content\/uploads\/2021\/10\/rixinger-riesling-smaragd-singerriedel-1.jpg",1062,1900,false],"1536x1536":["https:\/\/www.rixinger.at\/wp-content\/uploads\/2021\/10\/rixinger-riesling-smaragd-singerriedel-1-859x1536.jpg",859,1536,true],"2048x2048":["https:\/\/www.rixinger.at\/wp-content\/uploads\/2021\/10\/rixinger-riesling-smaragd-singerriedel-1.jpg",1062,1900,false],"ultp_layout_landscape_large":["https:\/\/www.rixinger.at\/wp-content\/uploads\/2021\/10\/rixinger-riesling-smaragd-singerriedel-1-1062x800.jpg",1062,800,true],"ultp_layout_landscape":["https:\/\/www.rixinger.at\/wp-content\/uploads\/2021\/10\/rixinger-riesling-smaragd-singerriedel-1-870x570.jpg",870,570,true],"ultp_layout_portrait":["https:\/\/www.rixinger.at\/wp-content\/uploads\/2021\/10\/rixinger-riesling-smaragd-singerriedel-1-600x900.jpg",600,900,true],"ultp_layout_square":["https:\/\/www.rixinger.at\/wp-content\/uploads\/2021\/10\/rixinger-riesling-smaragd-singerriedel-1-600x600.jpg",600,600,true],"woocommerce_thumbnail":["https:\/\/www.rixinger.at\/wp-content\/uploads\/2021\/10\/rixinger-riesling-smaragd-singerriedel-1-300x537.jpg",300,537,true],"woocommerce_single":["https:\/\/www.rixinger.at\/wp-content\/uploads\/2021\/10\/rixinger-riesling-smaragd-singerriedel-1-600x1073.jpg",600,1073,true],"woocommerce_gallery_thumbnail":["https:\/\/www.rixinger.at\/wp-content\/uploads\/2021\/10\/rixinger-riesling-smaragd-singerriedel-1-100x100.jpg",100,100,true]},"uagb_author_info":{"display_name":"krems_o3222nsc","author_link":"https:\/\/www.rixinger.at\/?author=0"},"uagb_comment_info":0,"uagb_excerpt":"Das Flaggschiff unseres Sortiment. Darin kommt zum Ausdruck, was eine edle Rebsorte in einer gro\u00dfen Lage zu bieten hat: pr\u00e4zise gelbe Fruchtaromen, steinige Noten, Frische, Kraft, Geradlinigkeit und Detailreichtum. Der Gaumen ist rauchig und saftig, die S\u00e4ure \u2013 im allgemeinen knackig \u2013 st\u00f6\u00dft auf soviel Mineralit\u00e4t und Substanz, dass sie sich perfekt einbindet. Im Idealfall&hellip;","_links":{"self":[{"href":"https:\/\/www.rixinger.at\/index.php?rest_route=\/wp\/v2\/product\/966","targetHints":{"allow":["GET"]}}],"collection":[{"href":"https:\/\/www.rixinger.at\/index.php?rest_route=\/wp\/v2\/product"}],"about":[{"href":"https:\/\/www.rixinger.at\/index.php?rest_route=\/wp\/v2\/types\/product"}],"replies":[{"embeddable":true,"href":"https:\/\/www.rixinger.at\/index.php?rest_route=%2Fwp%2Fv2%2Fcomments&post=966"}],"wp:featuredmedia":[{"embeddable":true,"href":"https:\/\/www.rixinger.at\/index.php?rest_route=\/wp\/v2\/media\/1839"}],"wp:attachment":[{"href":"https:\/\/www.rixinger.at\/index.php?rest_route=%2Fwp%2Fv2%2Fmedia&parent=966"}],"wp:term":[{"taxonomy":"product_cat","embeddable":true,"href":"https:\/\/www.rixinger.at\/index.php?rest_route=%2Fwp%2Fv2%2Fproduct_cat&post=966"},{"taxonomy":"product_tag","embeddable":true,"href":"https:\/\/www.rixinger.at\/index.php?rest_route=%2Fwp%2Fv2%2Fproduct_tag&post=966"}],"curies":[{"name":"wp","href":"https:\/\/api.w.org\/{rel}","templated":true}]}}